{"id":567,"date":"2023-10-02T21:54:22","date_gmt":"2023-10-02T19:54:22","guid":{"rendered":"https:\/\/logenexcalibur.se\/?page_id=567"},"modified":"2024-04-12T10:51:41","modified_gmt":"2024-04-12T08:51:41","slug":"kontakt","status":"publish","type":"page","link":"https:\/\/logenexcalibur.se\/index.php\/kontakt\/","title":{"rendered":"Kontakt"},"content":{"rendered":"\n\n\tEpostadress till Excalibur<br \/>\n<a href=\"mailto:andykroff@gmail.com\">Skrivare<\/a>\n<p><a href=\"mailto:unoaxelsson6@gmail.com\">Webbmaster<\/a><\/p>\n<p>\u00d6vriga loger i Storlogen V\u00e4nerland<\/p>\n-Altair (Arvika)<br \/>\n<a href=\"http:\/\/www.logenaquila.se\/\" target=\"_blank\" rel=\"noopener\">-Aquila (Karlstad<\/a><br \/>\n<a href=\"http:\/\/www.camulus.se\/\" target=\"_blank\" rel=\"noopener\">-Camulus (Sk\u00f6vde)<\/a><br \/>\n<a href=\"http:\/\/www.cynthus.se\/\" target=\"_blank\" rel=\"noopener\">-Cynthus (Ulricehamn)<\/a><br \/>\n<a href=\"http:\/\/www.taliesin.se\/\" target=\"_blank\" rel=\"noopener\">-Taliesin (J\u00f6nk\u00f6ping)<\/a>\n<p>&nbsp;<\/p>\n\t<p><a href=\"mailto:kennet.johansson@taliesin.se\">Epost till Storlogen V\u00e4nerland<\/a><\/p>\n<p><a href=\"mailto:kansliet@druiderna.se\" target=\"_blank\" rel=\"noopener\">Epost till Riksstorlogen<\/a><\/p>\n<p><a href=\"https:\/\/www.druiderna.se\/\" target=\"_blank\" rel=\"noopener\">Druidordens webbplats<\/a><\/p>\n<p>&nbsp;<\/p>\n<p>V\u00e5r adress:<\/p>\n<p><a href=\"https:\/\/www.hitta.se\/v\u00e4stra+g\u00f6talands+l\u00e4n\/bor\u00e5s\/nygatan+5\/omr\u00e5de\/57.720535:12.943696?vad=Nygatan%205%2C%20Bor\u00e5s\" target=\"_blank\" rel=\"noopener\">Nygatan 5 Bor\u00e5s<\/a>\u00a0(Odd Fellow)<\/p>\n\n","protected":false},"excerpt":{"rendered":"<p>Epostadress till Excalibur Skrivare Webbmaster \u00d6vriga loger i Storlogen V\u00e4nerland -Altair (Arvika) -Aquila (Karlstad -Camulus (Sk\u00f6vde) -Cynthus (Ulricehamn) -Taliesin (J\u00f6nk\u00f6ping) &nbsp; Epost till Storlogen V\u00e4nerland Epost till Riksstorlogen Druidordens webbplats &nbsp; V\u00e5r adress: Nygatan 5 Bor\u00e5s\u00a0(Odd Fellow)<\/p>\n","protected":false},"author":2,"featured_media":569,"parent":0,"menu_order":0,"comment_status":"closed","ping_status":"closed","template":"","meta":{"footnotes":""},"class_list":["post-567","page","type-page","status-publish","has-post-thumbnail","hentry"],"_links":{"self":[{"href":"https:\/\/logenexcalibur.se\/index.php\/wp-json\/wp\/v2\/pages\/567","targetHints":{"allow":["GET"]}}],"collection":[{"href":"https:\/\/logenexcalibur.se\/index.php\/wp-json\/wp\/v2\/pages"}],"about":[{"href":"https:\/\/logenexcalibur.se\/index.php\/wp-json\/wp\/v2\/types\/page"}],"author":[{"embeddable":true,"href":"https:\/\/logenexcalibur.se\/index.php\/wp-json\/wp\/v2\/users\/2"}],"replies":[{"embeddable":true,"href":"https:\/\/logenexcalibur.se\/index.php\/wp-json\/wp\/v2\/comments?post=567"}],"version-history":[{"count":7,"href":"https:\/\/logenexcalibur.se\/index.php\/wp-json\/wp\/v2\/pages\/567\/revisions"}],"predecessor-version":[{"id":681,"href":"https:\/\/logenexcalibur.se\/index.php\/wp-json\/wp\/v2\/pages\/567\/revisions\/681"}],"wp:featuredmedia":[{"embeddable":true,"href":"https:\/\/logenexcalibur.se\/index.php\/wp-json\/wp\/v2\/media\/569"}],"wp:attachment":[{"href":"https:\/\/logenexcalibur.se\/index.php\/wp-json\/wp\/v2\/media?parent=567"}],"curies":[{"name":"wp","href":"https:\/\/api.w.org\/{rel}","templated":true}]}}