{"id":341,"date":"2022-11-14T12:30:07","date_gmt":"2022-11-14T10:30:07","guid":{"rendered":"https:\/\/logenexcalibur.se\/?page_id=341"},"modified":"2023-10-19T16:21:04","modified_gmt":"2023-10-19T14:21:04","slug":"historia","status":"publish","type":"page","link":"https:\/\/logenexcalibur.se\/index.php\/historia\/","title":{"rendered":"Historia"},"content":{"rendered":"\n\n\t\t\t\t<img loading=\"lazy\" decoding=\"async\" src=\"https:\/\/logenexcalibur.se\/wp-content\/uploads\/2023\/10\/historical-215816_960_720-604x270.jpg\" alt=\"historical-215816_960_720\" itemprop=\"image\" height=\"270\" width=\"604\" title=\"historical-215816_960_720\" onerror=\"this.style.display='none'\"  \/>\n\t<h3>Druidernas historia<\/h3>\n<p>Nedanst\u00e5ende artikel \u00e4r h\u00e4mtad ur tidskriften V\u00e4rldens Historia nr 9\/2018. Den publiceras med redaktionens tillst\u00e5nd.<\/p>\n<p><strong>OBS:<\/strong> Faktarutan p\u00e5 sista sidan st\u00e4mmer inte med v\u00e5r historieskrivning, d\u00e4r orden grundades av Henry Hurle \u00e5r 1781. <a href=\"https:\/\/www.druiderna.se\/historia\" target=\"_blank\" rel=\"noopener\">Se Svenska Druidorden<\/a><\/p>\n<p><a href=\"https:\/\/logenexcalibur.se\/wp-content\/uploads\/2023\/10\/Druiderna3.pdf\">L\u00e4s artikeln h\u00e4r<\/a><\/p>\n<h3>Vad betyder logenamnen?<\/h3>\n<p>Druidorden har ett sjuttiotal grundloger och 12 storloger, m\u00e5nga med &#8221;besynnerliga&#8221; namn. H\u00e4r hittar du en f\u00f6rteckning \u00f6ver alla loger samt f\u00f6rklaring till namnen. <a href=\"https:\/\/logenexcalibur.se\/wp-content\/uploads\/2023\/10\/Logenamn-2019-03.pdf\">Logenamn<\/a><\/p>\n\t<h3>Excaliburs tillkomst<\/h3>\n<p>L\u00e4s d\u00e5varande Skr Lennart Johanssons utf\u00f6rliga motivering till att man f\u00f6reslog logenamnet Excalibur<\/p>\n<p><a href=\"https:\/\/logenexcalibur.se\/wp-content\/uploads\/2022\/11\/Logenamnet-Excalibur.pdf\">Varf\u00f6r logenamnet Excalibur?<\/a><\/p>\n<p><img loading=\"lazy\" decoding=\"async\" src=\"https:\/\/logenexcalibur.se\/wp-content\/uploads\/2022\/11\/sword-5558711__340-300x224.png\" alt=\"\" width=\"300\" height=\"224\" \/><\/p>\n\n","protected":false},"excerpt":{"rendered":"<p>Druidernas historia Nedanst\u00e5ende artikel \u00e4r h\u00e4mtad ur tidskriften V\u00e4rldens Historia nr 9\/2018. Den publiceras med redaktionens tillst\u00e5nd. OBS: Faktarutan p\u00e5 sista sidan st\u00e4mmer inte med v\u00e5r historieskrivning, d\u00e4r orden grundades av Henry Hurle \u00e5r 1781. Se Svenska Druidorden L\u00e4s artikeln h\u00e4r Vad betyder logenamnen? Druidorden har ett sjuttiotal grundloger och 12 storloger, m\u00e5nga med &#8221;besynnerliga&#8221; &hellip; <a href=\"https:\/\/logenexcalibur.se\/index.php\/historia\/\" class=\"more-link\">Forts\u00e4tt l\u00e4sa <span class=\"screen-reader-text\">Historia<\/span> <span class=\"meta-nav\">&rarr;<\/span><\/a><\/p>\n","protected":false},"author":2,"featured_media":0,"parent":0,"menu_order":0,"comment_status":"closed","ping_status":"closed","template":"","meta":{"footnotes":""},"class_list":["post-341","page","type-page","status-publish","hentry"],"_links":{"self":[{"href":"https:\/\/logenexcalibur.se\/index.php\/wp-json\/wp\/v2\/pages\/341","targetHints":{"allow":["GET"]}}],"collection":[{"href":"https:\/\/logenexcalibur.se\/index.php\/wp-json\/wp\/v2\/pages"}],"about":[{"href":"https:\/\/logenexcalibur.se\/index.php\/wp-json\/wp\/v2\/types\/page"}],"author":[{"embeddable":true,"href":"https:\/\/logenexcalibur.se\/index.php\/wp-json\/wp\/v2\/users\/2"}],"replies":[{"embeddable":true,"href":"https:\/\/logenexcalibur.se\/index.php\/wp-json\/wp\/v2\/comments?post=341"}],"version-history":[{"count":7,"href":"https:\/\/logenexcalibur.se\/index.php\/wp-json\/wp\/v2\/pages\/341\/revisions"}],"predecessor-version":[{"id":600,"href":"https:\/\/logenexcalibur.se\/index.php\/wp-json\/wp\/v2\/pages\/341\/revisions\/600"}],"wp:attachment":[{"href":"https:\/\/logenexcalibur.se\/index.php\/wp-json\/wp\/v2\/media?parent=341"}],"curies":[{"name":"wp","href":"https:\/\/api.w.org\/{rel}","templated":true}]}}